{"id":213,"date":"2024-11-06T10:41:14","date_gmt":"2024-11-06T10:41:14","guid":{"rendered":"https:\/\/beatrizmarmol.com\/hasi\/"},"modified":"2025-03-28T09:48:47","modified_gmt":"2025-03-28T09:48:47","slug":"hasi","status":"publish","type":"page","link":"https:\/\/beatrizmarmol.com\/eu\/","title":{"rendered":"Hasi"},"content":{"rendered":"\n<div class=\"wp-block-group alignfull hostinger-ai-hero-1 has-background has-global-padding is-layout-constrained wp-block-group-is-layout-constrained\" style=\"background-color:#daccb4\">\n<div class=\"wp-block-group alignwide is-layout-grid wp-container-core-group-is-layout-b2a6df44 wp-block-group-is-layout-grid\" style=\"padding-top:var(--wp--preset--spacing--60);padding-bottom:var(--wp--preset--spacing--60)\">\n<div class=\"wp-block-group wp-container-content-5e2576f9 is-vertical is-content-justification-left is-nowrap is-layout-flex wp-container-core-group-is-layout-e445e5de wp-block-group-is-layout-flex\">\n<h1 class=\"wp-block-heading hostinger-ai-title has-color-2-color has-text-color has-link-color has-xx-large-font-size wp-elements-add17744f4ae5feaa6b4145498e2c4cd\" style=\"margin-top:0;margin-right:0;margin-bottom:0;margin-left:0\">Beatriz M\u00e1rmol<br\/> Psikologia<\/h1>\n\n\n\n<div style=\"height:40px\" aria-hidden=\"true\" class=\"wp-block-spacer wp-container-content-28f0cd9b\"><\/div>\n\n\n\n<p class=\"has-color-2-color has-text-color has-link-color has-large-font-size wp-elements-9091271040d4a7cad6b220099cc50136\">Psikologia atsegina eta hurbila,<br\/> arduratsua, zorrotza,<br\/> baina batez ere gizakia.<\/p>\n\n\n\n<div style=\"height:40px\" aria-hidden=\"true\" class=\"wp-block-spacer wp-container-content-28f0cd9b\"><\/div>\n\n\n\n<div class=\"wp-block-buttons is-layout-flex wp-block-buttons-is-layout-flex\">\n<div class=\"wp-block-button is-style-outline is-style-outline--1\"><a class=\"wp-block-button__link has-light-color has-color-2-background-color has-text-color has-background has-link-color wp-element-button\" href=\"https:\/\/beatrizmarmol.com\/servicios\/\" style=\"border-style:none;border-width:0px;border-radius:0px\">Nola lagundu dezaket?<\/a><\/div>\n<\/div>\n<\/div>\n\n\n\n<div class=\"wp-block-group has-global-padding is-layout-constrained wp-block-group-is-layout-constrained\">\n<figure class=\"wp-block-image size-full is-resized has-custom-border hostinger-ai-image\"><img decoding=\"async\" width=\"600\" height=\"579\" src=\"https:\/\/beatrizmarmol.com\/wp-content\/uploads\/2025\/01\/Beatriz-marmol-psicologia-bilbao.jpeg\" alt=\"\" class=\"has-border-color has-light-border-color wp-image-103\" style=\"border-width:20px;border-radius:0px;width:487px;height:auto\" srcset=\"https:\/\/beatrizmarmol.com\/wp-content\/uploads\/2025\/01\/Beatriz-marmol-psicologia-bilbao.jpeg 600w, https:\/\/beatrizmarmol.com\/wp-content\/uploads\/2025\/01\/Beatriz-marmol-psicologia-bilbao-300x290.jpeg 300w\" sizes=\"(max-width: 600px) 100vw, 600px\" \/><\/figure>\n<\/div>\n<\/div>\n<\/div>\n\n<div class=\"wp-block-group alignfull has-global-padding is-layout-constrained wp-block-group-is-layout-constrained\">\n<div class=\"wp-block-group alignwide has-global-padding is-content-justification-left is-layout-constrained wp-container-core-group-is-layout-12dd3699 wp-block-group-is-layout-constrained\">\n<div class=\"wp-block-group alignwide is-layout-grid wp-container-core-group-is-layout-29271053 wp-block-group-is-layout-grid\">\n<div class=\"wp-block-group wp-container-content-14b3421b has-global-padding is-layout-constrained wp-container-core-group-is-layout-29a8626f wp-block-group-is-layout-constrained\" style=\"border-style:none;border-width:0px;border-radius:0px;padding-top:0;padding-right:var(--wp--preset--spacing--20);padding-bottom:0;padding-left:var(--wp--preset--spacing--20)\">\n<figure class=\"wp-block-image size-full has-custom-border hostinger-ai-service-image\"><img decoding=\"async\" width=\"600\" height=\"426\" src=\"https:\/\/beatrizmarmol.com\/wp-content\/uploads\/2024\/11\/familia.jpg\" alt=\"\" class=\"wp-image-75\" style=\"border-radius:8px\" srcset=\"https:\/\/beatrizmarmol.com\/wp-content\/uploads\/2024\/11\/familia.jpg 600w, https:\/\/beatrizmarmol.com\/wp-content\/uploads\/2024\/11\/familia-300x213.jpg 300w\" sizes=\"(max-width: 600px) 100vw, 600px\" \/><\/figure>\n\n\n\n<p class=\"has-text-align-center hostinger-ai-service-description has-color-2-color has-text-color has-link-color has-large-font-size wp-elements-661344737cb1d231d753396fc37aff57\" style=\"margin-top:var(--wp--preset--spacing--40);margin-right:0\">&#8220;Terapeuta norbanakoen ongizateaz arduratzen den ostalari ona da.&#8221;<br\/> Haley<\/p>\n<\/div>\n\n\n\n<div class=\"wp-block-group wp-container-content-b4c5012d has-global-padding is-layout-constrained wp-container-core-group-is-layout-c9115f92 wp-block-group-is-layout-constrained\" style=\"padding-right:var(--wp--preset--spacing--20);padding-left:var(--wp--preset--spacing--20)\">\n<p class=\"has-color-2-color has-text-color has-link-color has-x-large-font-size wp-elements-2a76872c771b642587e7f53a4a867f1d\"><strong>Kaixo!<\/strong><\/p>\n\n\n\n<p class=\"hostinger-ai-service-description hostinger-index-1 has-dark-color has-text-color has-link-color has-large-font-size wp-elements-3ef86839afcdf104eb019ad2c0944d34\" style=\"margin-top:var(--wp--preset--spacing--40)\">Beatriz M\u00e1rmol naiz, Psikologian lizentziatua (BI04689 erroldatua), Osasun Psikologo Orokorra eta Familia eta Bikote Terapeuta.<\/p>\n\n\n\n<p class=\"hostinger-ai-service-description hostinger-index-1 has-dark-color has-text-color has-link-color has-large-font-size wp-elements-515f3a52075a324b76b2de043c583ec0\" style=\"margin-top:var(--wp--preset--spacing--40)\">Prozesu terapeutiko bat abiaraztea pentsatzen ari bazara, prozesu osoan zehar lagundu dezaket ikuspegi integratzaile batekin, terapia zure beharretara egokituz.<\/p>\n\n\n\n<p class=\"hostinger-ai-service-description hostinger-index-1 has-dark-color has-text-color has-link-color has-large-font-size wp-elements-54e46cbc3a2dbe0747d66ee1f812e2ad\" style=\"margin-top:var(--wp--preset--spacing--40)\">Epaiketarik gabeko espazio seguru bat sortzea, non zure helburu terapeutikoak lortzera bideratu ahal izateko.<\/p>\n\n\n\n<p class=\"hostinger-ai-service-description hostinger-index-1 has-dark-color has-text-color has-link-color has-medium-font-size wp-elements-b6f1bf258089a3f1533512a4a30c486e\" style=\"margin-top:var(--wp--preset--spacing--40)\"><\/p>\n\n\n\n<div class=\"wp-block-buttons is-content-justification-center is-layout-flex wp-container-core-buttons-is-layout-a89b3969 wp-block-buttons-is-layout-flex\">\n<div class=\"wp-block-button has-custom-font-size is-style-outline has-large-font-size is-style-outline--2\"><a class=\"wp-block-button__link has-light-color has-color-2-background-color has-text-color has-background has-link-color wp-element-button\" href=\"https:\/\/beatrizmarmol.com\/sobre-mi\/\" style=\"border-style:none;border-width:0px;border-radius:0px\">Nire buruari buruz gehiago esango dizut<\/a><\/div>\n<\/div>\n<\/div>\n<\/div>\n<\/div>\n<\/div>\n\n<div class=\"wp-block-group alignfull hostinger-ai-solid-block has-background has-global-padding is-layout-constrained wp-block-group-is-layout-constrained\" style=\"background-color:#daccb4;padding-top:var(--wp--preset--spacing--60);padding-bottom:var(--wp--preset--spacing--60)\">\n<div class=\"wp-block-group alignwide is-vertical is-content-justification-center is-nowrap is-layout-flex wp-container-core-group-is-layout-4cc6ee0a wp-block-group-is-layout-flex\" style=\"min-height:0px;padding-top:0;padding-bottom:0\">\n<div class=\"wp-block-group wp-container-content-69bc4bdf has-global-padding is-content-justification-center is-layout-constrained wp-container-core-group-is-layout-78267832 wp-block-group-is-layout-constrained\">\n<p class=\"has-text-align-center hostinger-ai-description has-color-2-color has-text-color has-link-color has-large-font-size wp-elements-c7120833a100ad0fc343d9224fb11ba5\" style=\"margin-top:var(--wp--preset--spacing--20);margin-bottom:var(--wp--preset--spacing--50)\"><strong>Errespetuzko espazio baten bila bazabiltza, epaiketarik gabekoa, profesional, baina batez ere, giza ikuspegiarekin. Non zaindua, entzuna eta errespetua senti zaitezke&#8230;<\/strong><\/p>\n\n\n\n<p class=\"has-text-align-center hostinger-ai-description has-color-2-color has-text-color has-link-color has-large-font-size wp-elements-968cb9ce097ab3434d2cb6c377d796fb\" style=\"margin-top:var(--wp--preset--spacing--20);margin-bottom:var(--wp--preset--spacing--50)\"><strong>Prozesu terapeutiko bat abiaraztea pentsatzen ari bazara&#8230;<\/strong><\/p>\n\n\n\n<div class=\"wp-block-buttons is-content-justification-center is-layout-flex wp-container-core-buttons-is-layout-a89b3969 wp-block-buttons-is-layout-flex\">\n<div class=\"wp-block-button has-custom-font-size hostinger-ai-cta-button is-style-outline has-large-font-size is-style-outline--3\"><a class=\"wp-block-button__link has-light-color has-color-2-background-color has-text-color has-background has-link-color wp-element-button\" href=\"https:\/\/beatrizmarmol.com\/contacto\/\" style=\"border-style:none;border-width:0px;border-radius:0px;padding-top:var(--wp--preset--spacing--30);padding-right:var(--wp--preset--spacing--70);padding-bottom:var(--wp--preset--spacing--30);padding-left:var(--wp--preset--spacing--70)\">Jarri gurekin harremanetan zure prozesua hasteko<\/a><\/div>\n<\/div>\n<\/div>\n<\/div>\n<\/div>\n","protected":false},"excerpt":{"rendered":"<p>Beatriz M\u00e1rmol Psikologia Psikologia atsegina eta hurbila, arduratsua, zorrotza, baina batez ere gizakia. &#8220;Terapeuta norbanakoen ongizateaz arduratzen den ostalari ona da.&#8221; Haley Kaixo! Beatriz M\u00e1rmol naiz, Psikologian lizentziatua (BI04689 erroldatua), Osasun Psikologo Orokorra eta Familia eta Bikote Terapeuta. Prozesu terapeutiko bat abiaraztea pentsatzen ari bazara, prozesu osoan zehar lagundu dezaket ikuspegi integratzaile batekin, terapia zure [&hellip;]<\/p>\n","protected":false},"author":2,"featured_media":0,"parent":0,"menu_order":0,"comment_status":"closed","ping_status":"closed","template":"","meta":{"_joinchat":[],"footnotes":""},"class_list":["post-213","page","type-page","status-publish","hentry"],"yoast_head":"<!-- This site is optimized with the Yoast SEO plugin v27.1.1 - https:\/\/yoast.com\/product\/yoast-seo-wordpress\/ -->\n<title>Hasi | Beatriz M\u00e1rmol Psicolog\u00eda<\/title>\n<meta name=\"robots\" content=\"index, follow, max-snippet:-1, max-image-preview:large, max-video-preview:-1\" \/>\n<link rel=\"canonical\" href=\"https:\/\/beatrizmarmol.com\/\" \/>\n<meta property=\"og:locale\" content=\"eu_ES\" \/>\n<meta property=\"og:type\" content=\"article\" \/>\n<meta property=\"og:title\" content=\"Hasi | Beatriz M\u00e1rmol Psicolog\u00eda\" \/>\n<meta property=\"og:description\" content=\"Beatriz M\u00e1rmol Psikologia Psikologia atsegina eta hurbila, arduratsua, zorrotza, baina batez ere gizakia. &#8220;Terapeuta norbanakoen ongizateaz arduratzen den ostalari ona da.&#8221; Haley Kaixo! Beatriz M\u00e1rmol naiz, Psikologian lizentziatua (BI04689 erroldatua), Osasun Psikologo Orokorra eta Familia eta Bikote Terapeuta. Prozesu terapeutiko bat abiaraztea pentsatzen ari bazara, prozesu osoan zehar lagundu dezaket ikuspegi integratzaile batekin, terapia zure [&hellip;]\" \/>\n<meta property=\"og:url\" content=\"https:\/\/beatrizmarmol.com\/\" \/>\n<meta property=\"og:site_name\" content=\"Beatriz M\u00e1rmol Psicolog\u00eda\" \/>\n<meta property=\"article:publisher\" content=\"https:\/\/www.facebook.com\/beatrizmarmolpsicologia\/\" \/>\n<meta property=\"article:modified_time\" content=\"2025-03-28T09:48:47+00:00\" \/>\n<meta property=\"og:image\" content=\"https:\/\/beatrizmarmol.com\/wp-content\/uploads\/2025\/01\/Beatriz-marmol-psicologia-bilbao.jpeg\" \/>\n\t<meta property=\"og:image:width\" content=\"600\" \/>\n\t<meta property=\"og:image:height\" content=\"579\" \/>\n\t<meta property=\"og:image:type\" content=\"image\/jpeg\" \/>\n<meta name=\"twitter:card\" content=\"summary_large_image\" \/>\n<meta name=\"twitter:label1\" content=\"Est. reading time\" \/>\n\t<meta name=\"twitter:data1\" content=\"1 minute\" \/>\n<script type=\"application\/ld+json\" class=\"yoast-schema-graph\">{\"@context\":\"https:\/\/schema.org\",\"@graph\":[{\"@type\":\"WebPage\",\"@id\":\"https:\/\/beatrizmarmol.com\/\",\"url\":\"https:\/\/beatrizmarmol.com\/\",\"name\":\"Hasi | Beatriz M\u00e1rmol Psicolog\u00eda\",\"isPartOf\":{\"@id\":\"https:\/\/beatrizmarmol.com\/#website\"},\"primaryImageOfPage\":{\"@id\":\"https:\/\/beatrizmarmol.com\/#primaryimage\"},\"image\":{\"@id\":\"https:\/\/beatrizmarmol.com\/#primaryimage\"},\"thumbnailUrl\":\"https:\/\/beatrizmarmol.com\/wp-content\/uploads\/2025\/01\/Beatriz-marmol-psicologia-bilbao.jpeg\",\"datePublished\":\"2024-11-06T10:41:14+00:00\",\"dateModified\":\"2025-03-28T09:48:47+00:00\",\"breadcrumb\":{\"@id\":\"https:\/\/beatrizmarmol.com\/#breadcrumb\"},\"inLanguage\":\"eu-ES\",\"potentialAction\":[{\"@type\":\"ReadAction\",\"target\":[\"https:\/\/beatrizmarmol.com\/\"]}]},{\"@type\":\"ImageObject\",\"inLanguage\":\"eu-ES\",\"@id\":\"https:\/\/beatrizmarmol.com\/#primaryimage\",\"url\":\"https:\/\/beatrizmarmol.com\/wp-content\/uploads\/2025\/01\/Beatriz-marmol-psicologia-bilbao.jpeg\",\"contentUrl\":\"https:\/\/beatrizmarmol.com\/wp-content\/uploads\/2025\/01\/Beatriz-marmol-psicologia-bilbao.jpeg\"},{\"@type\":\"BreadcrumbList\",\"@id\":\"https:\/\/beatrizmarmol.com\/#breadcrumb\",\"itemListElement\":[{\"@type\":\"ListItem\",\"position\":1,\"name\":\"Portada\",\"item\":\"https:\/\/beatrizmarmol.com\/\"},{\"@type\":\"ListItem\",\"position\":2,\"name\":\"Hasi\"}]},{\"@type\":\"WebSite\",\"@id\":\"https:\/\/beatrizmarmol.com\/#website\",\"url\":\"https:\/\/beatrizmarmol.com\/\",\"name\":\"Beatriz M\u00e1rmol Psicolog\u00eda\",\"description\":\"Psic\u00f3loga General Sanitaria y Terapeuta de Familia y Pareja\",\"publisher\":{\"@id\":\"https:\/\/beatrizmarmol.com\/#\/schema\/person\/453bf66482776052a6995f0d12378eca\"},\"alternateName\":\"https:\/\/beatrizmarmol.com\/\",\"potentialAction\":[{\"@type\":\"SearchAction\",\"target\":{\"@type\":\"EntryPoint\",\"urlTemplate\":\"https:\/\/beatrizmarmol.com\/?s={search_term_string}\"},\"query-input\":{\"@type\":\"PropertyValueSpecification\",\"valueRequired\":true,\"valueName\":\"search_term_string\"}}],\"inLanguage\":\"eu-ES\"},{\"@type\":[\"Person\",\"Organization\"],\"@id\":\"https:\/\/beatrizmarmol.com\/#\/schema\/person\/453bf66482776052a6995f0d12378eca\",\"name\":\"Beatriz\",\"image\":{\"@type\":\"ImageObject\",\"inLanguage\":\"eu-ES\",\"@id\":\"https:\/\/beatrizmarmol.com\/#\/schema\/person\/image\/\",\"url\":\"https:\/\/beatrizmarmol.com\/wp-content\/uploads\/2026\/02\/logo-beatriz-marmol-psicologia-yoast.jpg\",\"contentUrl\":\"https:\/\/beatrizmarmol.com\/wp-content\/uploads\/2026\/02\/logo-beatriz-marmol-psicologia-yoast.jpg\",\"width\":696,\"height\":696,\"caption\":\"Beatriz\"},\"logo\":{\"@id\":\"https:\/\/beatrizmarmol.com\/#\/schema\/person\/image\/\"},\"sameAs\":[\"https:\/\/beatrizmarmol.com\/\",\"https:\/\/www.facebook.com\/beatrizmarmolpsicologia\/\",\"https:\/\/www.instagram.com\/beatrizmarmolpsicologia\",\"https:\/\/www.linkedin.com\/company\/beatriz-mrmol-psicologa\"]}]}<\/script>\n<!-- \/ Yoast SEO plugin. -->","yoast_head_json":{"title":"Hasi | Beatriz M\u00e1rmol Psicolog\u00eda","robots":{"index":"index","follow":"follow","max-snippet":"max-snippet:-1","max-image-preview":"max-image-preview:large","max-video-preview":"max-video-preview:-1"},"canonical":"https:\/\/beatrizmarmol.com\/","og_locale":"eu_ES","og_type":"article","og_title":"Hasi | Beatriz M\u00e1rmol Psicolog\u00eda","og_description":"Beatriz M\u00e1rmol Psikologia Psikologia atsegina eta hurbila, arduratsua, zorrotza, baina batez ere gizakia. &#8220;Terapeuta norbanakoen ongizateaz arduratzen den ostalari ona da.&#8221; Haley Kaixo! Beatriz M\u00e1rmol naiz, Psikologian lizentziatua (BI04689 erroldatua), Osasun Psikologo Orokorra eta Familia eta Bikote Terapeuta. Prozesu terapeutiko bat abiaraztea pentsatzen ari bazara, prozesu osoan zehar lagundu dezaket ikuspegi integratzaile batekin, terapia zure [&hellip;]","og_url":"https:\/\/beatrizmarmol.com\/","og_site_name":"Beatriz M\u00e1rmol Psicolog\u00eda","article_publisher":"https:\/\/www.facebook.com\/beatrizmarmolpsicologia\/","article_modified_time":"2025-03-28T09:48:47+00:00","og_image":[{"width":600,"height":579,"url":"https:\/\/beatrizmarmol.com\/wp-content\/uploads\/2025\/01\/Beatriz-marmol-psicologia-bilbao.jpeg","type":"image\/jpeg"}],"twitter_card":"summary_large_image","twitter_misc":{"Est. reading time":"1 minute"},"schema":{"@context":"https:\/\/schema.org","@graph":[{"@type":"WebPage","@id":"https:\/\/beatrizmarmol.com\/","url":"https:\/\/beatrizmarmol.com\/","name":"Hasi | Beatriz M\u00e1rmol Psicolog\u00eda","isPartOf":{"@id":"https:\/\/beatrizmarmol.com\/#website"},"primaryImageOfPage":{"@id":"https:\/\/beatrizmarmol.com\/#primaryimage"},"image":{"@id":"https:\/\/beatrizmarmol.com\/#primaryimage"},"thumbnailUrl":"https:\/\/beatrizmarmol.com\/wp-content\/uploads\/2025\/01\/Beatriz-marmol-psicologia-bilbao.jpeg","datePublished":"2024-11-06T10:41:14+00:00","dateModified":"2025-03-28T09:48:47+00:00","breadcrumb":{"@id":"https:\/\/beatrizmarmol.com\/#breadcrumb"},"inLanguage":"eu-ES","potentialAction":[{"@type":"ReadAction","target":["https:\/\/beatrizmarmol.com\/"]}]},{"@type":"ImageObject","inLanguage":"eu-ES","@id":"https:\/\/beatrizmarmol.com\/#primaryimage","url":"https:\/\/beatrizmarmol.com\/wp-content\/uploads\/2025\/01\/Beatriz-marmol-psicologia-bilbao.jpeg","contentUrl":"https:\/\/beatrizmarmol.com\/wp-content\/uploads\/2025\/01\/Beatriz-marmol-psicologia-bilbao.jpeg"},{"@type":"BreadcrumbList","@id":"https:\/\/beatrizmarmol.com\/#breadcrumb","itemListElement":[{"@type":"ListItem","position":1,"name":"Portada","item":"https:\/\/beatrizmarmol.com\/"},{"@type":"ListItem","position":2,"name":"Hasi"}]},{"@type":"WebSite","@id":"https:\/\/beatrizmarmol.com\/#website","url":"https:\/\/beatrizmarmol.com\/","name":"Beatriz M\u00e1rmol Psicolog\u00eda","description":"Psic\u00f3loga General Sanitaria y Terapeuta de Familia y Pareja","publisher":{"@id":"https:\/\/beatrizmarmol.com\/#\/schema\/person\/453bf66482776052a6995f0d12378eca"},"alternateName":"https:\/\/beatrizmarmol.com\/","potentialAction":[{"@type":"SearchAction","target":{"@type":"EntryPoint","urlTemplate":"https:\/\/beatrizmarmol.com\/?s={search_term_string}"},"query-input":{"@type":"PropertyValueSpecification","valueRequired":true,"valueName":"search_term_string"}}],"inLanguage":"eu-ES"},{"@type":["Person","Organization"],"@id":"https:\/\/beatrizmarmol.com\/#\/schema\/person\/453bf66482776052a6995f0d12378eca","name":"Beatriz","image":{"@type":"ImageObject","inLanguage":"eu-ES","@id":"https:\/\/beatrizmarmol.com\/#\/schema\/person\/image\/","url":"https:\/\/beatrizmarmol.com\/wp-content\/uploads\/2026\/02\/logo-beatriz-marmol-psicologia-yoast.jpg","contentUrl":"https:\/\/beatrizmarmol.com\/wp-content\/uploads\/2026\/02\/logo-beatriz-marmol-psicologia-yoast.jpg","width":696,"height":696,"caption":"Beatriz"},"logo":{"@id":"https:\/\/beatrizmarmol.com\/#\/schema\/person\/image\/"},"sameAs":["https:\/\/beatrizmarmol.com\/","https:\/\/www.facebook.com\/beatrizmarmolpsicologia\/","https:\/\/www.instagram.com\/beatrizmarmolpsicologia","https:\/\/www.linkedin.com\/company\/beatriz-mrmol-psicologa"]}]}},"_links":{"self":[{"href":"https:\/\/beatrizmarmol.com\/eu\/wp-json\/wp\/v2\/pages\/213","targetHints":{"allow":["GET"]}}],"collection":[{"href":"https:\/\/beatrizmarmol.com\/eu\/wp-json\/wp\/v2\/pages"}],"about":[{"href":"https:\/\/beatrizmarmol.com\/eu\/wp-json\/wp\/v2\/types\/page"}],"author":[{"embeddable":true,"href":"https:\/\/beatrizmarmol.com\/eu\/wp-json\/wp\/v2\/users\/2"}],"replies":[{"embeddable":true,"href":"https:\/\/beatrizmarmol.com\/eu\/wp-json\/wp\/v2\/comments?post=213"}],"version-history":[{"count":3,"href":"https:\/\/beatrizmarmol.com\/eu\/wp-json\/wp\/v2\/pages\/213\/revisions"}],"predecessor-version":[{"id":216,"href":"https:\/\/beatrizmarmol.com\/eu\/wp-json\/wp\/v2\/pages\/213\/revisions\/216"}],"wp:attachment":[{"href":"https:\/\/beatrizmarmol.com\/eu\/wp-json\/wp\/v2\/media?parent=213"}],"curies":[{"name":"wp","href":"https:\/\/api.w.org\/{rel}","templated":true}]}}